{"id":613,"date":"2019-02-12T09:16:59","date_gmt":"2019-02-12T12:16:59","guid":{"rendered":"http:\/\/concerned-coyote.w5.wpsandbox.pro\/?page_id=613"},"modified":"2021-08-10T17:44:47","modified_gmt":"2021-08-10T21:44:47","slug":"mision-vision","status":"publish","type":"page","link":"https:\/\/www.axxial.cl\/en\/mision-vision\/","title":{"rendered":"Mission and Vision"},"content":{"rendered":"<div id=\"dslc-theme-content\"><div id=\"dslc-theme-content-inner\">\t\t<div data-elementor-type=\"post\" data-elementor-id=\"613\" class=\"elementor elementor-613\" data-elementor-settings=\"[]\">\n\t\t\t<div class=\"elementor-inner\">\n\t\t\t\t<div class=\"elementor-section-wrap\">\n\t\t\t\t\t\t\t<section data-id=\"8034a25\" class=\"elementor-element elementor-element-8034a25 elementor-section-boxed elementor-section-height-default elementor-section-height-default elementor-section elementor-top-section\" data-element_type=\"section\">\n\t\t\t\t\t\t<div class=\"elementor-container elementor-column-gap-default\">\n\t\t\t\t<div class=\"elementor-row\">\n\t\t\t\t<div data-id=\"2da50f6\" class=\"elementor-element elementor-element-2da50f6 elementor-column elementor-col-100 elementor-top-column\" data-element_type=\"column\">\n\t\t\t<div class=\"elementor-column-wrap\">\n\t\t\t\t\t<div class=\"elementor-widget-wrap\">\n\t\t\t\t\t\t<\/div>\n\t\t\t<\/div>\n\t\t<\/div>\n\t\t\t\t\t\t<\/div>\n\t\t\t<\/div>\n\t\t<\/section>\n\t\t\t\t<section data-id=\"88fdd64\" class=\"elementor-element elementor-element-88fdd64 elementor-section-boxed elementor-section-height-default elementor-section-height-default elementor-section elementor-top-section\" data-element_type=\"section\">\n\t\t\t\t\t\t<div class=\"elementor-container elementor-column-gap-default\">\n\t\t\t\t<div class=\"elementor-row\">\n\t\t\t\t<div data-id=\"63bd34d\" class=\"elementor-element elementor-element-63bd34d elementor-column elementor-col-100 elementor-top-column\" data-element_type=\"column\">\n\t\t\t<div class=\"elementor-column-wrap  elementor-element-populated\">\n\t\t\t\t\t<div class=\"elementor-widget-wrap\">\n\t\t\t\t<div data-id=\"bf18bad\" class=\"elementor-element elementor-element-bf18bad elementor-widget elementor-widget-heading\" data-element_type=\"heading.default\">\n\t\t\t\t<div class=\"elementor-widget-container\">\n\t\t\t<h2 class=\"elementor-heading-title elementor-size-default\">Our Mission<\/h2>\t\t<\/div>\n\t\t\t\t<\/div>\n\t\t\t\t<div data-id=\"2d21d18\" class=\"elementor-element elementor-element-2d21d18 elementor-blockquote--skin-border elementor-blockquote--button-color-official elementor-widget elementor-widget-blockquote\" data-element_type=\"blockquote.default\">\n\t\t\t\t<div class=\"elementor-widget-container\">\n\t\t\t\t\t<blockquote class=\"elementor-blockquote\">\n\t\t\t<p class=\"elementor-blockquote__content\">\n\t\t\t\t<p style=\"font-family: Montserrat, sans-serif; font-size: 15px; text-align: justify; white-space: normal;\">Provide solutions to the requirements and needs of our customers, in the areas of\nEngineering, Construction and Hospital Maintenance, delivering services\nQuality professionals.<\/p>\t\t\t<\/p>\n\t\t\t\t\t<\/blockquote>\n\t\t\t\t<\/div>\n\t\t\t\t<\/div>\n\t\t\t\t\t\t<\/div>\n\t\t\t<\/div>\n\t\t<\/div>\n\t\t\t\t\t\t<\/div>\n\t\t\t<\/div>\n\t\t<\/section>\n\t\t\t\t<section data-id=\"0057d0c\" class=\"elementor-element elementor-element-0057d0c elementor-section-boxed elementor-section-height-default elementor-section-height-default elementor-section elementor-top-section\" data-element_type=\"section\">\n\t\t\t\t\t\t<div class=\"elementor-container elementor-column-gap-default\">\n\t\t\t\t<div class=\"elementor-row\">\n\t\t\t\t<div data-id=\"ccc0a7b\" class=\"elementor-element elementor-element-ccc0a7b elementor-column elementor-col-100 elementor-top-column\" data-element_type=\"column\">\n\t\t\t<div class=\"elementor-column-wrap  elementor-element-populated\">\n\t\t\t\t\t<div class=\"elementor-widget-wrap\">\n\t\t\t\t<div data-id=\"7ff9d76\" class=\"elementor-element elementor-element-7ff9d76 elementor-widget elementor-widget-heading\" data-element_type=\"heading.default\">\n\t\t\t\t<div class=\"elementor-widget-container\">\n\t\t\t<h2 class=\"elementor-heading-title elementor-size-default\">Our Vision<\/h2>\t\t<\/div>\n\t\t\t\t<\/div>\n\t\t\t\t\t\t<\/div>\n\t\t\t<\/div>\n\t\t<\/div>\n\t\t\t\t\t\t<\/div>\n\t\t\t<\/div>\n\t\t<\/section>\n\t\t\t\t<section data-id=\"482d783\" class=\"elementor-element elementor-element-482d783 elementor-section-boxed elementor-section-height-default elementor-section-height-default elementor-section elementor-top-section\" data-element_type=\"section\">\n\t\t\t\t\t\t<div class=\"elementor-container elementor-column-gap-default\">\n\t\t\t\t<div class=\"elementor-row\">\n\t\t\t\t<div data-id=\"6f583be\" class=\"elementor-element elementor-element-6f583be elementor-column elementor-col-100 elementor-top-column\" data-element_type=\"column\">\n\t\t\t<div class=\"elementor-column-wrap  elementor-element-populated\">\n\t\t\t\t\t<div class=\"elementor-widget-wrap\">\n\t\t\t\t<div data-id=\"99971a3\" class=\"elementor-element elementor-element-99971a3 elementor-blockquote--skin-border elementor-blockquote--button-color-official elementor-widget elementor-widget-blockquote\" data-element_type=\"blockquote.default\">\n\t\t\t\t<div class=\"elementor-widget-container\">\n\t\t\t\t\t<blockquote class=\"elementor-blockquote\">\n\t\t\t<p class=\"elementor-blockquote__content\">\n\t\t\t\t<div style=\"font-family: Montserrat, sans-serif; font-size: 15px; text-align: justify; white-space: normal;\">Consolidate as a national reference in the areas of Engineering, Construction and\nHospital Maintenance, maintaining the trust of our customers,\nenhancing the synergy between our professionals and technicians and promoting\nbetter interpersonal relationships and mutual collaboration between all of them.<\/div>\t\t\t<\/p>\n\t\t\t\t\t<\/blockquote>\n\t\t\t\t<\/div>\n\t\t\t\t<\/div>\n\t\t\t\t<div data-id=\"b0c0802\" class=\"elementor-element elementor-element-b0c0802 elementor-widget elementor-widget-spacer\" data-element_type=\"spacer.default\">\n\t\t\t\t<div class=\"elementor-widget-container\">\n\t\t\t\t\t<div class=\"elementor-spacer\">\n\t\t\t<div class=\"elementor-spacer-inner\"><\/div>\n\t\t<\/div>\n\t\t\t\t<\/div>\n\t\t\t\t<\/div>\n\t\t\t\t\t\t<\/div>\n\t\t\t<\/div>\n\t\t<\/div>\n\t\t\t\t\t\t<\/div>\n\t\t\t<\/div>\n\t\t<\/section>\n\t\t\t\t\t\t<\/div>\n\t\t\t<\/div>\n\t\t<\/div>\n\t\t<\/div><\/div>","protected":false},"excerpt":{"rendered":"<p>Nuestra Misi\u00f3n Dar soluci\u00f3n a los requerimientos y necesidades de nuestros clientes, en las \u00e1reas de la Ingenier\u00eda, Construcci\u00f3n y Mantenimiento Hospitalario, entregando servicios profesionales de calidad. Nuestra Visi\u00f3n Consolidarse como referente nacional en las \u00e1reas de la Ingenier\u00eda, Construcci\u00f3n y Mantenimiento Hospitalario, manteniendo la confianza de nuestros clientes, potenciando la sinergia entre nuestros profesionales [&hellip;]<\/p>","protected":false},"author":1,"featured_media":0,"parent":0,"menu_order":0,"comment_status":"closed","ping_status":"closed","template":"elementor_header_footer","meta":[],"yoast_head":"<!-- This site is optimized with the Yoast SEO plugin v17.2 - https:\/\/yoast.com\/wordpress\/plugins\/seo\/ -->\n<meta name=\"robots\" content=\"index, follow, max-snippet:-1, max-image-preview:large, max-video-preview:-1\" \/>\n<link rel=\"canonical\" href=\"https:\/\/www.axxial.cl\/en\/mision-vision\/\" \/>\n<meta property=\"og:locale\" content=\"en_US\" \/>\n<meta property=\"og:type\" content=\"article\" \/>\n<meta property=\"og:title\" content=\"Misi\u00f3n y Visi\u00f3n &ndash; Axxial Consultor\u00eda y Gesti\u00f3n de Proyectos\" \/>\n<meta property=\"og:description\" content=\"Nuestra Misi\u00f3n Dar soluci\u00f3n a los requerimientos y necesidades de nuestros clientes, en las \u00e1reas de la Ingenier\u00eda, Construcci\u00f3n y Mantenimiento Hospitalario, entregando servicios profesionales de calidad. Nuestra Visi\u00f3n Consolidarse como referente nacional en las \u00e1reas de la Ingenier\u00eda, Construcci\u00f3n y Mantenimiento Hospitalario, manteniendo la confianza de nuestros clientes, potenciando la sinergia entre nuestros profesionales [&hellip;]\" \/>\n<meta property=\"og:url\" content=\"https:\/\/www.axxial.cl\/en\/mision-vision\/\" \/>\n<meta property=\"og:site_name\" content=\"Axxial Consultor\u00eda y Gesti\u00f3n de Proyectos\" \/>\n<meta property=\"article:modified_time\" content=\"2021-08-10T21:44:47+00:00\" \/>\n<meta name=\"twitter:card\" content=\"summary_large_image\" \/>\n<script type=\"application\/ld+json\" class=\"yoast-schema-graph\">{\"@context\":\"https:\/\/schema.org\",\"@graph\":[{\"@type\":\"WebSite\",\"@id\":\"https:\/\/www.axxial.cl\/#website\",\"url\":\"https:\/\/www.axxial.cl\/\",\"name\":\"Axxial Consultor\\u00eda y Gesti\\u00f3n de Proyectos\",\"description\":\"Axxial Consultor\\u00eda y Gesti\\u00f3n de Proyectos Spa nace de la integraci\\u00f3n de cuatro profesionales de reconocida experiencia y extensa trayectoria en el \\u00e1rea de Inspecci\\u00f3n T\\u00e9cnica de Obras, Inspecci\\u00f3n T\\u00e9cnica de Estudios, Gerenciamiento de Proyectos.\",\"potentialAction\":[{\"@type\":\"SearchAction\",\"target\":{\"@type\":\"EntryPoint\",\"urlTemplate\":\"https:\/\/www.axxial.cl\/?s={search_term_string}\"},\"query-input\":\"required name=search_term_string\"}],\"inLanguage\":\"en-US\"},{\"@type\":\"WebPage\",\"@id\":\"https:\/\/www.axxial.cl\/mision-vision\/#webpage\",\"url\":\"https:\/\/www.axxial.cl\/mision-vision\/\",\"name\":\"Misi\\u00f3n y Visi\\u00f3n &ndash; Axxial Consultor\\u00eda y Gesti\\u00f3n de Proyectos\",\"isPartOf\":{\"@id\":\"https:\/\/www.axxial.cl\/#website\"},\"datePublished\":\"2019-02-12T12:16:59+00:00\",\"dateModified\":\"2021-08-10T21:44:47+00:00\",\"breadcrumb\":{\"@id\":\"https:\/\/www.axxial.cl\/mision-vision\/#breadcrumb\"},\"inLanguage\":\"en-US\",\"potentialAction\":[{\"@type\":\"ReadAction\",\"target\":[\"https:\/\/www.axxial.cl\/mision-vision\/\"]}]},{\"@type\":\"BreadcrumbList\",\"@id\":\"https:\/\/www.axxial.cl\/mision-vision\/#breadcrumb\",\"itemListElement\":[{\"@type\":\"ListItem\",\"position\":1,\"name\":\"Portada\",\"item\":\"https:\/\/www.axxial.cl\/\"},{\"@type\":\"ListItem\",\"position\":2,\"name\":\"Misi\\u00f3n y Visi\\u00f3n\"}]}]}<\/script>\n<!-- \/ Yoast SEO plugin. -->","yoast_head_json":{"robots":{"index":"index","follow":"follow","max-snippet":"max-snippet:-1","max-image-preview":"max-image-preview:large","max-video-preview":"max-video-preview:-1"},"canonical":"https:\/\/www.axxial.cl\/en\/mision-vision\/","og_locale":"en_US","og_type":"article","og_title":"Misi\u00f3n y Visi\u00f3n &ndash; Axxial Consultor\u00eda y Gesti\u00f3n de Proyectos","og_description":"Nuestra Misi\u00f3n Dar soluci\u00f3n a los requerimientos y necesidades de nuestros clientes, en las \u00e1reas de la Ingenier\u00eda, Construcci\u00f3n y Mantenimiento Hospitalario, entregando servicios profesionales de calidad. Nuestra Visi\u00f3n Consolidarse como referente nacional en las \u00e1reas de la Ingenier\u00eda, Construcci\u00f3n y Mantenimiento Hospitalario, manteniendo la confianza de nuestros clientes, potenciando la sinergia entre nuestros profesionales [&hellip;]","og_url":"https:\/\/www.axxial.cl\/en\/mision-vision\/","og_site_name":"Axxial Consultor\u00eda y Gesti\u00f3n de Proyectos","article_modified_time":"2021-08-10T21:44:47+00:00","twitter_card":"summary_large_image","schema":{"@context":"https:\/\/schema.org","@graph":[{"@type":"WebSite","@id":"https:\/\/www.axxial.cl\/#website","url":"https:\/\/www.axxial.cl\/","name":"Axxial Consultor\u00eda y Gesti\u00f3n de Proyectos","description":"Axxial Consultor\u00eda y Gesti\u00f3n de Proyectos Spa nace de la integraci\u00f3n de cuatro profesionales de reconocida experiencia y extensa trayectoria en el \u00e1rea de Inspecci\u00f3n T\u00e9cnica de Obras, Inspecci\u00f3n T\u00e9cnica de Estudios, Gerenciamiento de Proyectos.","potentialAction":[{"@type":"SearchAction","target":{"@type":"EntryPoint","urlTemplate":"https:\/\/www.axxial.cl\/?s={search_term_string}"},"query-input":"required name=search_term_string"}],"inLanguage":"en-US"},{"@type":"WebPage","@id":"https:\/\/www.axxial.cl\/mision-vision\/#webpage","url":"https:\/\/www.axxial.cl\/mision-vision\/","name":"Misi\u00f3n y Visi\u00f3n &ndash; Axxial Consultor\u00eda y Gesti\u00f3n de Proyectos","isPartOf":{"@id":"https:\/\/www.axxial.cl\/#website"},"datePublished":"2019-02-12T12:16:59+00:00","dateModified":"2021-08-10T21:44:47+00:00","breadcrumb":{"@id":"https:\/\/www.axxial.cl\/mision-vision\/#breadcrumb"},"inLanguage":"en-US","potentialAction":[{"@type":"ReadAction","target":["https:\/\/www.axxial.cl\/mision-vision\/"]}]},{"@type":"BreadcrumbList","@id":"https:\/\/www.axxial.cl\/mision-vision\/#breadcrumb","itemListElement":[{"@type":"ListItem","position":1,"name":"Portada","item":"https:\/\/www.axxial.cl\/"},{"@type":"ListItem","position":2,"name":"Misi\u00f3n y Visi\u00f3n"}]}]}},"_links":{"self":[{"href":"https:\/\/www.axxial.cl\/en\/wp-json\/wp\/v2\/pages\/613"}],"collection":[{"href":"https:\/\/www.axxial.cl\/en\/wp-json\/wp\/v2\/pages"}],"about":[{"href":"https:\/\/www.axxial.cl\/en\/wp-json\/wp\/v2\/types\/page"}],"author":[{"embeddable":true,"href":"https:\/\/www.axxial.cl\/en\/wp-json\/wp\/v2\/users\/1"}],"replies":[{"embeddable":true,"href":"https:\/\/www.axxial.cl\/en\/wp-json\/wp\/v2\/comments?post=613"}],"version-history":[{"count":28,"href":"https:\/\/www.axxial.cl\/en\/wp-json\/wp\/v2\/pages\/613\/revisions"}],"predecessor-version":[{"id":2319,"href":"https:\/\/www.axxial.cl\/en\/wp-json\/wp\/v2\/pages\/613\/revisions\/2319"}],"wp:attachment":[{"href":"https:\/\/www.axxial.cl\/en\/wp-json\/wp\/v2\/media?parent=613"}],"curies":[{"name":"wp","href":"https:\/\/api.w.org\/{rel}","templated":true}]}}