{"id":2367,"date":"2021-10-22T06:20:18","date_gmt":"2021-10-22T10:20:18","guid":{"rendered":"https:\/\/www.axxial.cl\/?page_id=2367"},"modified":"2021-10-22T06:28:39","modified_gmt":"2021-10-22T10:28:39","slug":"trabajos","status":"publish","type":"page","link":"https:\/\/www.axxial.cl\/en\/trabajos\/","title":{"rendered":"Works"},"content":{"rendered":"<div id=\"dslc-theme-content\"><div id=\"dslc-theme-content-inner\"><\/div><\/div>","protected":false},"excerpt":{"rendered":"","protected":false},"author":1,"featured_media":0,"parent":0,"menu_order":0,"comment_status":"closed","ping_status":"closed","template":"","meta":[],"yoast_head":"<!-- This site is optimized with the Yoast SEO plugin v17.2 - https:\/\/yoast.com\/wordpress\/plugins\/seo\/ -->\n<meta name=\"robots\" content=\"index, follow, max-snippet:-1, max-image-preview:large, max-video-preview:-1\" \/>\n<link rel=\"canonical\" href=\"https:\/\/www.axxial.cl\/en\/trabajos\/\" \/>\n<meta property=\"og:locale\" content=\"en_US\" \/>\n<meta property=\"og:type\" content=\"article\" \/>\n<meta property=\"og:title\" content=\"Trabajos &ndash; Axxial Consultor\u00eda y Gesti\u00f3n de Proyectos\" \/>\n<meta property=\"og:url\" content=\"https:\/\/www.axxial.cl\/en\/trabajos\/\" \/>\n<meta property=\"og:site_name\" content=\"Axxial Consultor\u00eda y Gesti\u00f3n de Proyectos\" \/>\n<meta property=\"article:modified_time\" content=\"2021-10-22T10:28:39+00:00\" \/>\n<meta name=\"twitter:card\" content=\"summary_large_image\" \/>\n<script type=\"application\/ld+json\" class=\"yoast-schema-graph\">{\"@context\":\"https:\/\/schema.org\",\"@graph\":[{\"@type\":\"WebSite\",\"@id\":\"https:\/\/www.axxial.cl\/#website\",\"url\":\"https:\/\/www.axxial.cl\/\",\"name\":\"Axxial Consultor\\u00eda y Gesti\\u00f3n de Proyectos\",\"description\":\"Axxial Consultor\\u00eda y Gesti\\u00f3n de Proyectos Spa nace de la integraci\\u00f3n de cuatro profesionales de reconocida experiencia y extensa trayectoria en el \\u00e1rea de Inspecci\\u00f3n T\\u00e9cnica de Obras, Inspecci\\u00f3n T\\u00e9cnica de Estudios, Gerenciamiento de Proyectos.\",\"potentialAction\":[{\"@type\":\"SearchAction\",\"target\":{\"@type\":\"EntryPoint\",\"urlTemplate\":\"https:\/\/www.axxial.cl\/?s={search_term_string}\"},\"query-input\":\"required name=search_term_string\"}],\"inLanguage\":\"en-US\"},{\"@type\":\"WebPage\",\"@id\":\"https:\/\/www.axxial.cl\/trabajos\/#webpage\",\"url\":\"https:\/\/www.axxial.cl\/trabajos\/\",\"name\":\"Trabajos &ndash; Axxial Consultor\\u00eda y Gesti\\u00f3n de Proyectos\",\"isPartOf\":{\"@id\":\"https:\/\/www.axxial.cl\/#website\"},\"datePublished\":\"2021-10-22T10:20:18+00:00\",\"dateModified\":\"2021-10-22T10:28:39+00:00\",\"breadcrumb\":{\"@id\":\"https:\/\/www.axxial.cl\/trabajos\/#breadcrumb\"},\"inLanguage\":\"en-US\",\"potentialAction\":[{\"@type\":\"ReadAction\",\"target\":[\"https:\/\/www.axxial.cl\/trabajos\/\"]}]},{\"@type\":\"BreadcrumbList\",\"@id\":\"https:\/\/www.axxial.cl\/trabajos\/#breadcrumb\",\"itemListElement\":[{\"@type\":\"ListItem\",\"position\":1,\"name\":\"Portada\",\"item\":\"https:\/\/www.axxial.cl\/\"},{\"@type\":\"ListItem\",\"position\":2,\"name\":\"Trabajos\"}]}]}<\/script>\n<!-- \/ Yoast SEO plugin. -->","yoast_head_json":{"robots":{"index":"index","follow":"follow","max-snippet":"max-snippet:-1","max-image-preview":"max-image-preview:large","max-video-preview":"max-video-preview:-1"},"canonical":"https:\/\/www.axxial.cl\/en\/trabajos\/","og_locale":"en_US","og_type":"article","og_title":"Trabajos &ndash; Axxial Consultor\u00eda y Gesti\u00f3n de Proyectos","og_url":"https:\/\/www.axxial.cl\/en\/trabajos\/","og_site_name":"Axxial Consultor\u00eda y Gesti\u00f3n de Proyectos","article_modified_time":"2021-10-22T10:28:39+00:00","twitter_card":"summary_large_image","schema":{"@context":"https:\/\/schema.org","@graph":[{"@type":"WebSite","@id":"https:\/\/www.axxial.cl\/#website","url":"https:\/\/www.axxial.cl\/","name":"Axxial Consultor\u00eda y Gesti\u00f3n de Proyectos","description":"Axxial Consultor\u00eda y Gesti\u00f3n de Proyectos Spa nace de la integraci\u00f3n de cuatro profesionales de reconocida experiencia y extensa trayectoria en el \u00e1rea de Inspecci\u00f3n T\u00e9cnica de Obras, Inspecci\u00f3n T\u00e9cnica de Estudios, Gerenciamiento de Proyectos.","potentialAction":[{"@type":"SearchAction","target":{"@type":"EntryPoint","urlTemplate":"https:\/\/www.axxial.cl\/?s={search_term_string}"},"query-input":"required name=search_term_string"}],"inLanguage":"en-US"},{"@type":"WebPage","@id":"https:\/\/www.axxial.cl\/trabajos\/#webpage","url":"https:\/\/www.axxial.cl\/trabajos\/","name":"Trabajos &ndash; Axxial Consultor\u00eda y Gesti\u00f3n de Proyectos","isPartOf":{"@id":"https:\/\/www.axxial.cl\/#website"},"datePublished":"2021-10-22T10:20:18+00:00","dateModified":"2021-10-22T10:28:39+00:00","breadcrumb":{"@id":"https:\/\/www.axxial.cl\/trabajos\/#breadcrumb"},"inLanguage":"en-US","potentialAction":[{"@type":"ReadAction","target":["https:\/\/www.axxial.cl\/trabajos\/"]}]},{"@type":"BreadcrumbList","@id":"https:\/\/www.axxial.cl\/trabajos\/#breadcrumb","itemListElement":[{"@type":"ListItem","position":1,"name":"Portada","item":"https:\/\/www.axxial.cl\/"},{"@type":"ListItem","position":2,"name":"Trabajos"}]}]}},"_links":{"self":[{"href":"https:\/\/www.axxial.cl\/en\/wp-json\/wp\/v2\/pages\/2367"}],"collection":[{"href":"https:\/\/www.axxial.cl\/en\/wp-json\/wp\/v2\/pages"}],"about":[{"href":"https:\/\/www.axxial.cl\/en\/wp-json\/wp\/v2\/types\/page"}],"author":[{"embeddable":true,"href":"https:\/\/www.axxial.cl\/en\/wp-json\/wp\/v2\/users\/1"}],"replies":[{"embeddable":true,"href":"https:\/\/www.axxial.cl\/en\/wp-json\/wp\/v2\/comments?post=2367"}],"version-history":[{"count":1,"href":"https:\/\/www.axxial.cl\/en\/wp-json\/wp\/v2\/pages\/2367\/revisions"}],"predecessor-version":[{"id":2368,"href":"https:\/\/www.axxial.cl\/en\/wp-json\/wp\/v2\/pages\/2367\/revisions\/2368"}],"wp:attachment":[{"href":"https:\/\/www.axxial.cl\/en\/wp-json\/wp\/v2\/media?parent=2367"}],"curies":[{"name":"wp","href":"https:\/\/api.w.org\/{rel}","templated":true}]}}