{"id":2276,"date":"2021-06-14T01:00:35","date_gmt":"2021-06-14T05:00:35","guid":{"rendered":"https:\/\/www.axxial.cl\/?page_id=2276"},"modified":"2021-06-14T01:26:17","modified_gmt":"2021-06-14T05:26:17","slug":"obras-de-edificacion","status":"publish","type":"page","link":"https:\/\/www.axxial.cl\/en\/obras-de-edificacion\/","title":{"rendered":"Building Works"},"content":{"rendered":"<div id=\"dslc-theme-content\"><div id=\"dslc-theme-content-inner\">\t\t<div data-elementor-type=\"post\" data-elementor-id=\"2276\" class=\"elementor elementor-2276\" data-elementor-settings=\"[]\">\n\t\t\t<div class=\"elementor-inner\">\n\t\t\t\t<div class=\"elementor-section-wrap\">\n\t\t\t\t\t\t\t<section data-id=\"b308669\" class=\"elementor-element elementor-element-b308669 elementor-section-boxed elementor-section-height-default elementor-section-height-default elementor-section elementor-top-section\" data-element_type=\"section\">\n\t\t\t\t\t\t<div class=\"elementor-container elementor-column-gap-default\">\n\t\t\t\t<div class=\"elementor-row\">\n\t\t\t\t<div data-id=\"162b4b7\" class=\"elementor-element elementor-element-162b4b7 elementor-column elementor-col-100 elementor-top-column\" data-element_type=\"column\">\n\t\t\t<div class=\"elementor-column-wrap  elementor-element-populated\">\n\t\t\t\t\t<div class=\"elementor-widget-wrap\">\n\t\t\t\t<div data-id=\"9f428c7\" class=\"elementor-element elementor-element-9f428c7 elementor-grid-3 elementor-grid-tablet-2 elementor-grid-mobile-1 elementor-posts--thumbnail-top elementor-widget elementor-widget-posts\" data-settings=\"{&quot;classic_columns&quot;:&quot;3&quot;,&quot;classic_columns_tablet&quot;:&quot;2&quot;,&quot;classic_columns_mobile&quot;:&quot;1&quot;,&quot;classic_row_gap&quot;:{&quot;unit&quot;:&quot;px&quot;,&quot;size&quot;:35}}\" data-element_type=\"posts.classic\">\n\t\t\t\t<div class=\"elementor-widget-container\">\n\t\t\t\t\t<div class=\"elementor-posts-container elementor-posts elementor-grid elementor-posts--skin-classic\">\n\t\t\t\t<article class=\"elementor-post elementor-grid-item post-2405 post type-post status-publish format-standard has-post-thumbnail hentry category-obras-de-edificacion\">\n\t\t\t\t<a class=\"elementor-post__thumbnail__link\" href=\"https:\/\/www.axxial.cl\/en\/diseno-y-remodelacion-pabellon-cirugia-mayor-hospital-de-talagante\/\">\n\t\t\t<div class=\"elementor-post__thumbnail\"><img width=\"300\" height=\"135\" src=\"https:\/\/www.axxial.cl\/wp-content\/uploads\/1.-Imagen-Pabellon-Arco-C-HTAL-300x135.jpeg\" class=\"attachment-medium size-medium\" alt=\"\" loading=\"lazy\" srcset=\"https:\/\/www.axxial.cl\/wp-content\/uploads\/1.-Imagen-Pabellon-Arco-C-HTAL-300x135.jpeg 300w, https:\/\/www.axxial.cl\/wp-content\/uploads\/1.-Imagen-Pabellon-Arco-C-HTAL-1024x461.jpeg 1024w, https:\/\/www.axxial.cl\/wp-content\/uploads\/1.-Imagen-Pabellon-Arco-C-HTAL-768x346.jpeg 768w, https:\/\/www.axxial.cl\/wp-content\/uploads\/1.-Imagen-Pabellon-Arco-C-HTAL-1536x691.jpeg 1536w, https:\/\/www.axxial.cl\/wp-content\/uploads\/1.-Imagen-Pabellon-Arco-C-HTAL.jpeg 1600w\" sizes=\"(max-width: 300px) 100vw, 300px\" \/><\/div>\n\t\t<\/a>\n\t\t\t\t<div class=\"elementor-post__text\">\n\t\t\t\t<h3 class=\"elementor-post__title\">\n\t\t\t<a href=\"https:\/\/www.axxial.cl\/en\/diseno-y-remodelacion-pabellon-cirugia-mayor-hospital-de-talagante\/\">\n\t\t\t\tDesign and remodeling Major Surgery Pavilion Hospital de Talagante\t\t\t<\/a>\n\t\t<\/h3>\n\t\t\t\t<div class=\"elementor-post__meta-data\">\n\t\t\t\t\t<span class=\"elementor-post-date\">\n\t\t\t02\/10\/2022\t\t<\/span>\n\t\t\t\t<span class=\"elementor-post-avatar\">\n\t\t\tNo Comments\t\t<\/span>\n\t\t\t\t<\/div>\n\t\t\t\t<div class=\"elementor-post__excerpt\">\n\t\t\t<p>AXXIAL SpA has carried out the design and remodeling of areas to generate a Major Surgery Pavilion, Procedure Room with dressing room, Technical Room, room<\/p>\n\t\t<\/div>\n\t\t\t\t\t<a class=\"elementor-post__read-more\" href=\"https:\/\/www.axxial.cl\/en\/diseno-y-remodelacion-pabellon-cirugia-mayor-hospital-de-talagante\/\">\n\t\t\t\tRead More \u00bb\t\t\t<\/a>\n\t\t\t\t<\/div>\n\t\t\t\t<\/article>\n\t\t\t\t<article class=\"elementor-post elementor-grid-item post-2342 post type-post status-publish format-standard has-post-thumbnail hentry category-obras-de-edificacion\">\n\t\t\t\t<a class=\"elementor-post__thumbnail__link\" href=\"https:\/\/www.axxial.cl\/en\/instalacion-y-puesta-en-marcha-de-planta-de-central-aire-medicinal\/\">\n\t\t\t<div class=\"elementor-post__thumbnail\"><img width=\"300\" height=\"197\" src=\"https:\/\/www.axxial.cl\/wp-content\/uploads\/20210827_113134-300x197.jpg\" class=\"attachment-medium size-medium\" alt=\"\" loading=\"lazy\" srcset=\"https:\/\/www.axxial.cl\/wp-content\/uploads\/20210827_113134-300x197.jpg 300w, https:\/\/www.axxial.cl\/wp-content\/uploads\/20210827_113134-1024x673.jpg 1024w, https:\/\/www.axxial.cl\/wp-content\/uploads\/20210827_113134-768x505.jpg 768w, https:\/\/www.axxial.cl\/wp-content\/uploads\/20210827_113134-1536x1010.jpg 1536w, https:\/\/www.axxial.cl\/wp-content\/uploads\/20210827_113134-2048x1346.jpg 2048w\" sizes=\"(max-width: 300px) 100vw, 300px\" \/><\/div>\n\t\t<\/a>\n\t\t\t\t<div class=\"elementor-post__text\">\n\t\t\t\t<h3 class=\"elementor-post__title\">\n\t\t\t<a href=\"https:\/\/www.axxial.cl\/en\/instalacion-y-puesta-en-marcha-de-planta-de-central-aire-medicinal\/\">\n\t\t\t\tInstallation and Commissioning of Central Aire M\u00e9dica Plant\t\t\t<\/a>\n\t\t<\/h3>\n\t\t\t\t<div class=\"elementor-post__meta-data\">\n\t\t\t\t\t<span class=\"elementor-post-date\">\n\t\t\t01\/09\/2021\t\t<\/span>\n\t\t\t\t<span class=\"elementor-post-avatar\">\n\t\t\tNo Comments\t\t<\/span>\n\t\t\t\t<\/div>\n\t\t\t\t<div class=\"elementor-post__excerpt\">\n\t\t\t<p>Axxial Spa, carried out the installation and commissioning of a SWAN SDS 310 Medical Air Central that includes new Swan piston compressors<\/p>\n\t\t<\/div>\n\t\t\t\t\t<a class=\"elementor-post__read-more\" href=\"https:\/\/www.axxial.cl\/en\/instalacion-y-puesta-en-marcha-de-planta-de-central-aire-medicinal\/\">\n\t\t\t\tRead More \u00bb\t\t\t<\/a>\n\t\t\t\t<\/div>\n\t\t\t\t<\/article>\n\t\t\t\t<article class=\"elementor-post elementor-grid-item post-2332 post type-post status-publish format-standard has-post-thumbnail hentry category-obras-de-edificacion\">\n\t\t\t\t<a class=\"elementor-post__thumbnail__link\" href=\"https:\/\/www.axxial.cl\/en\/reconversion-de-camas-criticas-servicio-de-cirugia-hospital-de-talagante\/\">\n\t\t\t<div class=\"elementor-post__thumbnail\"><img width=\"300\" height=\"135\" src=\"https:\/\/www.axxial.cl\/wp-content\/uploads\/20210827_102627-300x135.jpg\" class=\"attachment-medium size-medium\" alt=\"\" loading=\"lazy\" srcset=\"https:\/\/www.axxial.cl\/wp-content\/uploads\/20210827_102627-300x135.jpg 300w, https:\/\/www.axxial.cl\/wp-content\/uploads\/20210827_102627-1024x461.jpg 1024w, https:\/\/www.axxial.cl\/wp-content\/uploads\/20210827_102627-768x346.jpg 768w, https:\/\/www.axxial.cl\/wp-content\/uploads\/20210827_102627-1536x691.jpg 1536w, https:\/\/www.axxial.cl\/wp-content\/uploads\/20210827_102627-2048x922.jpg 2048w\" sizes=\"(max-width: 300px) 100vw, 300px\" \/><\/div>\n\t\t<\/a>\n\t\t\t\t<div class=\"elementor-post__text\">\n\t\t\t\t<h3 class=\"elementor-post__title\">\n\t\t\t<a href=\"https:\/\/www.axxial.cl\/en\/reconversion-de-camas-criticas-servicio-de-cirugia-hospital-de-talagante\/\">\n\t\t\t\tConversion of Critical Beds Talagante Hospital Surgery Service\t\t\t<\/a>\n\t\t<\/h3>\n\t\t\t\t<div class=\"elementor-post__meta-data\">\n\t\t\t\t\t<span class=\"elementor-post-date\">\n\t\t\t01\/09\/2021\t\t<\/span>\n\t\t\t\t<span class=\"elementor-post-avatar\">\n\t\t\tNo Comments\t\t<\/span>\n\t\t\t\t<\/div>\n\t\t\t\t<div class=\"elementor-post__excerpt\">\n\t\t\t<p>Axxial Spa, carried out the remodeling of the Surgery Service of the Hospital de Talagante, managing to enable 13 new critical beds. This Work included the specialties of<\/p>\n\t\t<\/div>\n\t\t\t\t\t<a class=\"elementor-post__read-more\" href=\"https:\/\/www.axxial.cl\/en\/reconversion-de-camas-criticas-servicio-de-cirugia-hospital-de-talagante\/\">\n\t\t\t\tRead More \u00bb\t\t\t<\/a>\n\t\t\t\t<\/div>\n\t\t\t\t<\/article>\n\t\t\t\t<article class=\"elementor-post elementor-grid-item post-2258 post type-post status-publish format-standard has-post-thumbnail hentry category-obras-de-edificacion\">\n\t\t\t\t<a class=\"elementor-post__thumbnail__link\" href=\"https:\/\/www.axxial.cl\/en\/reconversion-de-camas-criticas-servicio-de-medicina-hospital-de-talagante\/\">\n\t\t\t<div class=\"elementor-post__thumbnail\"><img width=\"300\" height=\"200\" src=\"https:\/\/www.axxial.cl\/wp-content\/uploads\/reconversion_camas_900x600-300x200.jpg\" class=\"attachment-medium size-medium\" alt=\"Reconversi\u00f3n camas cr\u00edticas Hospital de Talagante\" loading=\"lazy\" srcset=\"https:\/\/www.axxial.cl\/wp-content\/uploads\/reconversion_camas_900x600-300x200.jpg 300w, https:\/\/www.axxial.cl\/wp-content\/uploads\/reconversion_camas_900x600-768x512.jpg 768w, https:\/\/www.axxial.cl\/wp-content\/uploads\/reconversion_camas_900x600.jpg 900w\" sizes=\"(max-width: 300px) 100vw, 300px\" \/><\/div>\n\t\t<\/a>\n\t\t\t\t<div class=\"elementor-post__text\">\n\t\t\t\t<h3 class=\"elementor-post__title\">\n\t\t\t<a href=\"https:\/\/www.axxial.cl\/en\/reconversion-de-camas-criticas-servicio-de-medicina-hospital-de-talagante\/\">\n\t\t\t\tReconversion of Critical Beds Talagante Hospital Medicine Service\t\t\t<\/a>\n\t\t<\/h3>\n\t\t\t\t<div class=\"elementor-post__meta-data\">\n\t\t\t\t\t<span class=\"elementor-post-date\">\n\t\t\t13\/06\/2021\t\t<\/span>\n\t\t\t\t<span class=\"elementor-post-avatar\">\n\t\t\tNo Comments\t\t<\/span>\n\t\t\t\t<\/div>\n\t\t\t\t<div class=\"elementor-post__excerpt\">\n\t\t\t<p>Axxial Spa, carried out the remodeling of the Medicine Service of the Hospital de Talagante, managing to enable 13 new critical beds. This Work included the specialties of<\/p>\n\t\t<\/div>\n\t\t\t\t\t<a class=\"elementor-post__read-more\" href=\"https:\/\/www.axxial.cl\/en\/reconversion-de-camas-criticas-servicio-de-medicina-hospital-de-talagante\/\">\n\t\t\t\tRead More \u00bb\t\t\t<\/a>\n\t\t\t\t<\/div>\n\t\t\t\t<\/article>\n\t\t\t\t<\/div>\n\t\t\t\t<\/div>\n\t\t\t\t<\/div>\n\t\t\t\t\t\t<\/div>\n\t\t\t<\/div>\n\t\t<\/div>\n\t\t\t\t\t\t<\/div>\n\t\t\t<\/div>\n\t\t<\/section>\n\t\t\t\t\t\t<\/div>\n\t\t\t<\/div>\n\t\t<\/div>\n\t\t<\/div><\/div>","protected":false},"excerpt":{"rendered":"","protected":false},"author":1,"featured_media":0,"parent":0,"menu_order":0,"comment_status":"closed","ping_status":"closed","template":"","meta":[],"yoast_head":"<!-- This site is optimized with the Yoast SEO plugin v17.2 - https:\/\/yoast.com\/wordpress\/plugins\/seo\/ -->\n<meta name=\"robots\" content=\"index, follow, max-snippet:-1, max-image-preview:large, max-video-preview:-1\" \/>\n<link rel=\"canonical\" href=\"https:\/\/www.axxial.cl\/en\/obras-de-edificacion\/\" \/>\n<meta property=\"og:locale\" content=\"en_US\" \/>\n<meta property=\"og:type\" content=\"article\" \/>\n<meta property=\"og:title\" content=\"Obras de Edificaci\u00f3n &ndash; Axxial Consultor\u00eda y Gesti\u00f3n de Proyectos\" \/>\n<meta property=\"og:url\" content=\"https:\/\/www.axxial.cl\/en\/obras-de-edificacion\/\" \/>\n<meta property=\"og:site_name\" content=\"Axxial Consultor\u00eda y Gesti\u00f3n de Proyectos\" \/>\n<meta property=\"article:modified_time\" content=\"2021-06-14T05:26:17+00:00\" \/>\n<meta name=\"twitter:card\" content=\"summary_large_image\" \/>\n<script type=\"application\/ld+json\" class=\"yoast-schema-graph\">{\"@context\":\"https:\/\/schema.org\",\"@graph\":[{\"@type\":\"WebSite\",\"@id\":\"https:\/\/www.axxial.cl\/#website\",\"url\":\"https:\/\/www.axxial.cl\/\",\"name\":\"Axxial Consultor\\u00eda y Gesti\\u00f3n de Proyectos\",\"description\":\"Axxial Consultor\\u00eda y Gesti\\u00f3n de Proyectos Spa nace de la integraci\\u00f3n de cuatro profesionales de reconocida experiencia y extensa trayectoria en el \\u00e1rea de Inspecci\\u00f3n T\\u00e9cnica de Obras, Inspecci\\u00f3n T\\u00e9cnica de Estudios, Gerenciamiento de Proyectos.\",\"potentialAction\":[{\"@type\":\"SearchAction\",\"target\":{\"@type\":\"EntryPoint\",\"urlTemplate\":\"https:\/\/www.axxial.cl\/?s={search_term_string}\"},\"query-input\":\"required name=search_term_string\"}],\"inLanguage\":\"en-US\"},{\"@type\":\"WebPage\",\"@id\":\"https:\/\/www.axxial.cl\/obras-de-edificacion\/#webpage\",\"url\":\"https:\/\/www.axxial.cl\/obras-de-edificacion\/\",\"name\":\"Obras de Edificaci\\u00f3n &ndash; Axxial Consultor\\u00eda y Gesti\\u00f3n de Proyectos\",\"isPartOf\":{\"@id\":\"https:\/\/www.axxial.cl\/#website\"},\"datePublished\":\"2021-06-14T05:00:35+00:00\",\"dateModified\":\"2021-06-14T05:26:17+00:00\",\"breadcrumb\":{\"@id\":\"https:\/\/www.axxial.cl\/obras-de-edificacion\/#breadcrumb\"},\"inLanguage\":\"en-US\",\"potentialAction\":[{\"@type\":\"ReadAction\",\"target\":[\"https:\/\/www.axxial.cl\/obras-de-edificacion\/\"]}]},{\"@type\":\"BreadcrumbList\",\"@id\":\"https:\/\/www.axxial.cl\/obras-de-edificacion\/#breadcrumb\",\"itemListElement\":[{\"@type\":\"ListItem\",\"position\":1,\"name\":\"Portada\",\"item\":\"https:\/\/www.axxial.cl\/\"},{\"@type\":\"ListItem\",\"position\":2,\"name\":\"Obras de Edificaci\\u00f3n\"}]}]}<\/script>\n<!-- \/ Yoast SEO plugin. -->","yoast_head_json":{"robots":{"index":"index","follow":"follow","max-snippet":"max-snippet:-1","max-image-preview":"max-image-preview:large","max-video-preview":"max-video-preview:-1"},"canonical":"https:\/\/www.axxial.cl\/en\/obras-de-edificacion\/","og_locale":"en_US","og_type":"article","og_title":"Obras de Edificaci\u00f3n &ndash; Axxial Consultor\u00eda y Gesti\u00f3n de Proyectos","og_url":"https:\/\/www.axxial.cl\/en\/obras-de-edificacion\/","og_site_name":"Axxial Consultor\u00eda y Gesti\u00f3n de Proyectos","article_modified_time":"2021-06-14T05:26:17+00:00","twitter_card":"summary_large_image","schema":{"@context":"https:\/\/schema.org","@graph":[{"@type":"WebSite","@id":"https:\/\/www.axxial.cl\/#website","url":"https:\/\/www.axxial.cl\/","name":"Axxial Consultor\u00eda y Gesti\u00f3n de Proyectos","description":"Axxial Consultor\u00eda y Gesti\u00f3n de Proyectos Spa nace de la integraci\u00f3n de cuatro profesionales de reconocida experiencia y extensa trayectoria en el \u00e1rea de Inspecci\u00f3n T\u00e9cnica de Obras, Inspecci\u00f3n T\u00e9cnica de Estudios, Gerenciamiento de Proyectos.","potentialAction":[{"@type":"SearchAction","target":{"@type":"EntryPoint","urlTemplate":"https:\/\/www.axxial.cl\/?s={search_term_string}"},"query-input":"required name=search_term_string"}],"inLanguage":"en-US"},{"@type":"WebPage","@id":"https:\/\/www.axxial.cl\/obras-de-edificacion\/#webpage","url":"https:\/\/www.axxial.cl\/obras-de-edificacion\/","name":"Obras de Edificaci\u00f3n &ndash; Axxial Consultor\u00eda y Gesti\u00f3n de Proyectos","isPartOf":{"@id":"https:\/\/www.axxial.cl\/#website"},"datePublished":"2021-06-14T05:00:35+00:00","dateModified":"2021-06-14T05:26:17+00:00","breadcrumb":{"@id":"https:\/\/www.axxial.cl\/obras-de-edificacion\/#breadcrumb"},"inLanguage":"en-US","potentialAction":[{"@type":"ReadAction","target":["https:\/\/www.axxial.cl\/obras-de-edificacion\/"]}]},{"@type":"BreadcrumbList","@id":"https:\/\/www.axxial.cl\/obras-de-edificacion\/#breadcrumb","itemListElement":[{"@type":"ListItem","position":1,"name":"Portada","item":"https:\/\/www.axxial.cl\/"},{"@type":"ListItem","position":2,"name":"Obras de Edificaci\u00f3n"}]}]}},"_links":{"self":[{"href":"https:\/\/www.axxial.cl\/en\/wp-json\/wp\/v2\/pages\/2276"}],"collection":[{"href":"https:\/\/www.axxial.cl\/en\/wp-json\/wp\/v2\/pages"}],"about":[{"href":"https:\/\/www.axxial.cl\/en\/wp-json\/wp\/v2\/types\/page"}],"author":[{"embeddable":true,"href":"https:\/\/www.axxial.cl\/en\/wp-json\/wp\/v2\/users\/1"}],"replies":[{"embeddable":true,"href":"https:\/\/www.axxial.cl\/en\/wp-json\/wp\/v2\/comments?post=2276"}],"version-history":[{"count":3,"href":"https:\/\/www.axxial.cl\/en\/wp-json\/wp\/v2\/pages\/2276\/revisions"}],"predecessor-version":[{"id":2404,"href":"https:\/\/www.axxial.cl\/en\/wp-json\/wp\/v2\/pages\/2276\/revisions\/2404"}],"wp:attachment":[{"href":"https:\/\/www.axxial.cl\/en\/wp-json\/wp\/v2\/media?parent=2276"}],"curies":[{"name":"wp","href":"https:\/\/api.w.org\/{rel}","templated":true}]}}